{"id":5510,"date":"2026-03-24T11:19:12","date_gmt":"2026-03-24T10:19:12","guid":{"rendered":"https:\/\/www.topline.at\/produkt\/white-wooden-heart\/"},"modified":"2026-03-24T11:22:50","modified_gmt":"2026-03-24T10:22:50","slug":"white-wooden-heart","status":"publish","type":"product","link":"https:\/\/www.topline.at\/en\/produkt\/white-wooden-heart\/","title":{"rendered":"White Wooden Heart"},"content":{"rendered":"<p data-start=\"680\" data-end=\"905\">Dieses fein gearbeitete Holzherz in Wei\u00df bringt eine nat\u00fcrliche und zugleich schlichte Atmosph\u00e4re in jeden Raum. Die luftige, geflochtene Optik wirkt leicht und harmonisch und macht das Herz zu einem vielseitigen Dekoelement. <\/p>\n<p data-start=\"907\" data-end=\"1028\">Ideal for shelves, tables, or as a door decoration, and also perfect for weddings, celebrations, or special occasions.<\/p>\n<p data-start=\"1030\" data-end=\"1048\"><strong data-start=\"1030\" data-end=\"1048\">Features:<\/strong><\/p>\n<ul data-start=\"1049\" data-end=\"1157\">\n<li data-section-id=\"wbpp4e\" data-start=\"1049\" data-end=\"1073\">Natural wood look<\/li>\n<li data-section-id=\"1271rzg\" data-start=\"1074\" data-end=\"1103\">Light, airy design<\/li>\n<li data-section-id=\"amfv4g\" data-start=\"1104\" data-end=\"1129\">Versatile use<\/li>\n<li data-section-id=\"h2f3va\" data-start=\"1130\" data-end=\"1157\">auch ideal als Geschenk<\/li>\n<\/ul>\n","protected":false},"excerpt":{"rendered":"<p>Dieses fein gearbeitete Holzherz in Wei\u00df bringt eine nat\u00fcrliche und zugleich schlichte Atmosph\u00e4re in jeden Raum. Die luftige, geflochtene Optik wirkt leicht und harmonisch und macht das Herz zu einem vielseitigen Dekoelement. Ideal for shelves, tables, or as a door decoration, and also perfect for weddings, celebrations, or special occasions. Features: Natural wood look Light, [&#8230;]\n","protected":false},"featured_media":5513,"template":"","meta":[],"product_cat":[97],"product_tag":[],"class_list":{"0":"post-5510","1":"product","2":"type-product","3":"status-publish","4":"has-post-thumbnail","6":"product_cat-home-en","8":"first","9":"instock","10":"taxable","11":"shipping-taxable","12":"purchasable","13":"product-type-simple"},"jetpack_sharing_enabled":true,"_links":{"self":[{"href":"https:\/\/www.topline.at\/en\/wp-json\/wp\/v2\/product\/5510"}],"collection":[{"href":"https:\/\/www.topline.at\/en\/wp-json\/wp\/v2\/product"}],"about":[{"href":"https:\/\/www.topline.at\/en\/wp-json\/wp\/v2\/types\/product"}],"wp:featuredmedia":[{"embeddable":true,"href":"https:\/\/www.topline.at\/en\/wp-json\/wp\/v2\/media\/5513"}],"wp:attachment":[{"href":"https:\/\/www.topline.at\/en\/wp-json\/wp\/v2\/media?parent=5510"}],"wp:term":[{"taxonomy":"product_cat","embeddable":true,"href":"https:\/\/www.topline.at\/en\/wp-json\/wp\/v2\/product_cat?post=5510"},{"taxonomy":"product_tag","embeddable":true,"href":"https:\/\/www.topline.at\/en\/wp-json\/wp\/v2\/product_tag?post=5510"}],"curies":[{"name":"wp","href":"https:\/\/api.w.org\/{rel}","templated":true}]}}